{"id":161,"date":"2020-10-14T14:57:44","date_gmt":"2020-10-14T14:57:44","guid":{"rendered":"https:\/\/jk-bast.de\/?page_id=161"},"modified":"2024-07-26T13:35:31","modified_gmt":"2024-07-26T13:35:31","slug":"ueber-mich","status":"publish","type":"page","link":"https:\/\/jk-bast.de\/?page_id=161","title":{"rendered":"\u00dcber mich&#8230;"},"content":{"rendered":"\n<hr class=\"wp-block-separator has-css-opacity\"\/>\n\n\n\n<div class=\"wp-block-group\"><div class=\"wp-block-group__inner-container is-layout-flow wp-block-group-is-layout-flow\">\n<div class=\"wp-block-group\"><div class=\"wp-block-group__inner-container is-layout-flow wp-block-group-is-layout-flow\">\n<div class=\"wp-block-group alignfull\"><div class=\"wp-block-group__inner-container is-layout-flow wp-block-group-is-layout-flow\">\n<div class=\"wp-block-media-text is-stacked-on-mobile\" style=\"grid-template-columns:36% auto\"><figure class=\"wp-block-media-text__media\"><img loading=\"lazy\" decoding=\"async\" width=\"768\" height=\"1024\" src=\"https:\/\/jk-bast.de\/wp-content\/uploads\/2023\/10\/IMG_4918-768x1024.jpg\" alt=\"\" class=\"wp-image-312 size-full\" srcset=\"https:\/\/jk-bast.de\/wp-content\/uploads\/2023\/10\/IMG_4918-768x1023.jpg 768w, https:\/\/jk-bast.de\/wp-content\/uploads\/2023\/10\/IMG_4918-225x300.jpg 225w, https:\/\/jk-bast.de\/wp-content\/uploads\/2023\/10\/IMG_4918-1153x1536.jpg 1153w, https:\/\/jk-bast.de\/wp-content\/uploads\/2023\/10\/IMG_4918-1537x2048.jpg 1537w, https:\/\/jk-bast.de\/wp-content\/uploads\/2023\/10\/IMG_4918.jpg 1576w\" sizes=\"auto, (max-width: 768px) 100vw, 768px\" \/><\/figure><div class=\"wp-block-media-text__content\">\n<p><\/p>\n<\/div><\/div>\n<\/div><\/div>\n<\/div><\/div>\n\n\n\n<p><\/p>\n\n\n\n<hr class=\"wp-block-separator has-css-opacity\"\/>\n<\/div><\/div>\n\n\n\n<p class=\"has-text-align-left\"><strong><span style=\"color: #00ccff;\">BERATER<\/span><\/strong> \u2013 Seit vielen Jahren berate ich die F\u00fchungsebenen von Unternehmen, Kanzleien und Verb\u00e4nden in allen Fragen rund um das Thema Kommunikation \/ PR &#8211; Egal ob online oder offline, intern oder extern, Normalit\u00e4t oder Krise.<\/p>\n\n\n\n<hr class=\"wp-block-separator has-css-opacity\"\/>\n\n\n\n<p><strong><span style=\"color: #00ccff;\">AUTOR<\/span><\/strong> \u2013 Als Ghostwriter konzeptioniere und verfasse ich Fachb\u00fccher, schreibe Namensartikel oder k\u00fcrzere Buchbeitr\u00e4ge. Ab und an schreibe ich auch was eigenes. Meine Amazon-Autorenseite finden Sie hier: <a href=\"https:\/\/t1p.de\/78b5n\">https:\/\/t1p.de\/78b5n<\/a><\/p>\n\n\n\n<hr class=\"wp-block-separator has-css-opacity\"\/>\n\n\n\n<p><strong><span style=\"color: #00ccff;\">SPRECHER<\/span><\/strong> \u2013 Die Funktion des Pressesprechers hatte ich in den \u00fcber 25 Jahren, die ich jetzt schon im Bereich Kommunikation \/ PR aktiv bin, fast immer inne. Entweder angestellt oder als Freelancer. <\/p>\n\n\n\n<hr class=\"wp-block-separator has-css-opacity\"\/>\n\n\n\n<p><strong><span style=\"color: #00ccff;\">TEXTER<\/span><\/strong> \u2013 Artikel, Reden, Pressemitteilungen, Gastkommentare, Buchbeitr\u00e4ge, Interviewtexte, Konzepte, FAQs&#8230; <\/p>\n\n\n\n<hr class=\"wp-block-separator has-alpha-channel-opacity\"\/>\n\n\n\n<ul class=\"wp-block-social-links is-layout-flex wp-block-social-links-is-layout-flex\"><li class=\"wp-social-link wp-social-link-linkedin  wp-block-social-link\"><a href=\"https:\/\/www.linkedin.com\/in\/juergen-kurz\" class=\"wp-block-social-link-anchor\"><svg width=\"24\" height=\"24\" viewBox=\"0 0 24 24\" version=\"1.1\" xmlns=\"http:\/\/www.w3.org\/2000\/svg\" aria-hidden=\"true\" focusable=\"false\"><path d=\"M19.7,3H4.3C3.582,3,3,3.582,3,4.3v15.4C3,20.418,3.582,21,4.3,21h15.4c0.718,0,1.3-0.582,1.3-1.3V4.3 C21,3.582,20.418,3,19.7,3z M8.339,18.338H5.667v-8.59h2.672V18.338z M7.004,8.574c-0.857,0-1.549-0.694-1.549-1.548 c0-0.855,0.691-1.548,1.549-1.548c0.854,0,1.547,0.694,1.547,1.548C8.551,7.881,7.858,8.574,7.004,8.574z M18.339,18.338h-2.669 v-4.177c0-0.996-0.017-2.278-1.387-2.278c-1.389,0-1.601,1.086-1.601,2.206v4.249h-2.667v-8.59h2.559v1.174h0.037 c0.356-0.675,1.227-1.387,2.526-1.387c2.703,0,3.203,1.779,3.203,4.092V18.338z\"><\/path><\/svg><span class=\"wp-block-social-link-label screen-reader-text\">LinkedIn<\/span><\/a><\/li><\/ul>\n","protected":false},"excerpt":{"rendered":"<p>BERATER \u2013 Seit vielen Jahren berate ich die F\u00fchungsebenen von Unternehmen, Kanzleien und Verb\u00e4nden in allen Fragen rund um das Thema Kommunikation \/ PR &#8211;<a href=\"https:\/\/jk-bast.de\/?page_id=161\" class=\"more-link\">View More<\/a><\/p>\n","protected":false},"author":1,"featured_media":0,"parent":0,"menu_order":0,"comment_status":"closed","ping_status":"closed","template":"","meta":{"footnotes":""},"class_list":["post-161","page","type-page","status-publish","hentry"],"_links":{"self":[{"href":"https:\/\/jk-bast.de\/index.php?rest_route=\/wp\/v2\/pages\/161","targetHints":{"allow":["GET"]}}],"collection":[{"href":"https:\/\/jk-bast.de\/index.php?rest_route=\/wp\/v2\/pages"}],"about":[{"href":"https:\/\/jk-bast.de\/index.php?rest_route=\/wp\/v2\/types\/page"}],"author":[{"embeddable":true,"href":"https:\/\/jk-bast.de\/index.php?rest_route=\/wp\/v2\/users\/1"}],"replies":[{"embeddable":true,"href":"https:\/\/jk-bast.de\/index.php?rest_route=%2Fwp%2Fv2%2Fcomments&post=161"}],"version-history":[{"count":25,"href":"https:\/\/jk-bast.de\/index.php?rest_route=\/wp\/v2\/pages\/161\/revisions"}],"predecessor-version":[{"id":371,"href":"https:\/\/jk-bast.de\/index.php?rest_route=\/wp\/v2\/pages\/161\/revisions\/371"}],"wp:attachment":[{"href":"https:\/\/jk-bast.de\/index.php?rest_route=%2Fwp%2Fv2%2Fmedia&parent=161"}],"curies":[{"name":"wp","href":"https:\/\/api.w.org\/{rel}","templated":true}]}}