{"id":118,"date":"2020-10-12T14:25:00","date_gmt":"2020-10-12T14:25:00","guid":{"rendered":"https:\/\/jk-bast.de\/?page_id=118"},"modified":"2020-10-16T13:47:54","modified_gmt":"2020-10-16T13:47:54","slug":"kontakt-impressum","status":"publish","type":"page","link":"https:\/\/jk-bast.de\/?page_id=118","title":{"rendered":"Kontakt \/ Impressum"},"content":{"rendered":"\n<p>J\u00fcrgen Kurz<br>Schwerinstra\u00dfe 41 | 40476 D\u00fcsseldorf<\/p>\n\n\n\n<p>Tel.: +49 (0) 172 25 14 336<br>E-Mail: jkurz@jk-bast.de<\/p>\n","protected":false},"excerpt":{"rendered":"<p>J\u00fcrgen KurzSchwerinstra\u00dfe 41 | 40476 D\u00fcsseldorf Tel.: +49 (0) 172 25 14 336E-Mail: jkurz@jk-bast.de<\/p>\n","protected":false},"author":1,"featured_media":159,"parent":0,"menu_order":0,"comment_status":"closed","ping_status":"closed","template":"","meta":{"footnotes":""},"class_list":["post-118","page","type-page","status-publish","has-post-thumbnail","hentry"],"_links":{"self":[{"href":"https:\/\/jk-bast.de\/index.php?rest_route=\/wp\/v2\/pages\/118","targetHints":{"allow":["GET"]}}],"collection":[{"href":"https:\/\/jk-bast.de\/index.php?rest_route=\/wp\/v2\/pages"}],"about":[{"href":"https:\/\/jk-bast.de\/index.php?rest_route=\/wp\/v2\/types\/page"}],"author":[{"embeddable":true,"href":"https:\/\/jk-bast.de\/index.php?rest_route=\/wp\/v2\/users\/1"}],"replies":[{"embeddable":true,"href":"https:\/\/jk-bast.de\/index.php?rest_route=%2Fwp%2Fv2%2Fcomments&post=118"}],"version-history":[{"count":5,"href":"https:\/\/jk-bast.de\/index.php?rest_route=\/wp\/v2\/pages\/118\/revisions"}],"predecessor-version":[{"id":246,"href":"https:\/\/jk-bast.de\/index.php?rest_route=\/wp\/v2\/pages\/118\/revisions\/246"}],"wp:featuredmedia":[{"embeddable":true,"href":"https:\/\/jk-bast.de\/index.php?rest_route=\/wp\/v2\/media\/159"}],"wp:attachment":[{"href":"https:\/\/jk-bast.de\/index.php?rest_route=%2Fwp%2Fv2%2Fmedia&parent=118"}],"curies":[{"name":"wp","href":"https:\/\/api.w.org\/{rel}","templated":true}]}}